{"id":1414,"date":"2012-12-04T09:16:52","date_gmt":"2012-12-04T08:16:52","guid":{"rendered":"https:\/\/www.fondationrainbowbridge.org\/dons-isf-et-actions-solidaires\/"},"modified":"2019-05-20T09:26:28","modified_gmt":"2019-05-20T08:26:28","slug":"dons-isf-et-actions-solidaires","status":"publish","type":"page","link":"https:\/\/www.fondationrainbowbridge.org\/ja\/dons-isf-et-actions-solidaires\/","title":{"rendered":"Dons ISF et actions solidaires"},"content":{"rendered":"<p><img loading=\"lazy\" decoding=\"async\" class=\" size-full wp-image-1412\" src=\"https:\/\/www.fondationrainbowbridge.org\/wp-content\/uploads\/2012\/12\/frb-images-isf-solidarite.jpg\" alt=\"isf et actions solidaires\" width=\"699\" height=\"467\" \/><\/p>\n<h2>Transformer son ISF en projets solidaires<\/h2>\n<p>Les dons \u00e0 la Fondation Rainbow Bridge, fondation <a href=\"http:\/\/www.fondationrainbowbridge.org\/\" title=\"Fondation  Rainbow Bridge \">sous-\u00e9gide de la fondation de France<\/a> b\u00e9n\u00e9ficient d\u2019un avantage fiscal pour les r\u00e9sidents fran\u00e7ais : pour les personnes physiques, les dons sont d\u00e9ductibles de l\u2019imp\u00f4t sur le revenu \u00e0 hauteur de 75% dans la limite de 521\u20ac de dons, puis 66% dans la limite de 20% du revenu imposable.<\/p>\n<h2>Loi TEPA du 27 Ao\u00fbt 2007<\/h2>\n<p>Par ailleurs, pour les personnes assujetties \u00e0 l&#8217;Imp\u00f4t de Solidarit\u00e9 sur la Fortune, les dons vers\u00e9s sont d\u00e9ductibles \u00e0 hauteur de 75% et dans une limite annuelle de 50,000\u20ac du montant de l&#8217;imp\u00f4t d\u00fb. Ces r\u00e9ductions ne sont pas cumulables \u00e0 celles appliqu\u00e9es \u00e0 l&#8217;IRPP.<\/p>\n<p>Pour les personnes morales, les dons sont d\u00e9ductibles de l\u2019imp\u00f4t sur les soci\u00e9t\u00e9s \u00e0 hauteur de 60% dans la limite de 0,5% du chiffre d\u2019affaires.<\/p>\n<h2>D\u00e9fiscalisation et r\u00e9duction d&#8217;imp\u00f4t<\/h2>\n<h3 style=\"padding-left: 30px;\">La r\u00e9duction d&#8217;imp\u00f4t concerne<\/h3>\n<blockquote>\n<ul>\n<li>Les personnes physiques ayant leur domicile fiscal en France, \u00e0 raison de leurs biens situ\u00e9s en France ou hors de France<\/li>\n<li>Les personnes physiques n&#8217;ayant pas leur domicile fiscal en France, \u00e0 raison de leurs biens situ\u00e9s en France (non-r\u00e9sidents) <\/li>\n<\/ul>\n<\/blockquote>\n<h3 style=\"padding-left: 30px;\">Elle s&#8217;applique<\/h3>\n<blockquote>\n<ul>\n<li>aux dons de sommes d&#8217;argent, quelles qu&#8217;en soient les modalit\u00e9s : ch\u00e8ques, virements etc. <\/li>\n<li>aux dons en pleine propri\u00e9t\u00e9 de titres de soci\u00e9t\u00e9s admis aux n\u00e9gociations sur un march\u00e9 r\u00e8glement\u00e9 fran\u00e7ais ou \u00e9tranger (titres cot\u00e9s)<\/li>\n<\/ul>\n<\/blockquote>\n<p>Le plafond de 50 000 \u20ac s&#8217;applique \u00e0 l&#8217;<a href=\"https:\/\/www.fondationrainbowbridge.org\/wp-content\/uploads\/2012\/12\/isf_2009.pdf\" target=\"_blank\" title=\"dispositifs de r\u00e9duction ISF\">ensemble des dispositifs de r\u00e9duction ISF existant<\/a>. Il est donc commun aux dons faits \u00e0 des fondations RUP et aux fondations sous \u00e9gide; \u00e0 d&#8217;autres organismes (associations d&#8217;insertion, \u00e9tablissements de recherche, d&#8217;enseignement sup\u00e9rieur ou d&#8217;enseignement artisitque \u00e0ut non lucratif, Agence Nationale de la Recherche ) et aux investissements au capital de PME.<\/p>\n<p>Le redevable choisit lui-m\u00eame la r\u00e9duction d&#8217;imp\u00f4t dont il souhaite b\u00e9n\u00e9ficier. Dans le cas o\u00f9 il souhaiterait affecter son don pour partie \u00e0&#8217;ISF et pour partie \u00e0&#8217;imp\u00f4t sur le revenu, iI devra alors joindre I&#8217;original de son re\u00e7u fiscal \u00e0 sa&nbsp;premi\u00e8re d\u00e9claration d\u00e9pos\u00e9e et joindre \u00e0 sa seconde d\u00e9claration une copie de ce re\u00e7u qu&#8217;il devra lui-m\u00eame certifier conforme, dater et signer.&nbsp;<\/p>\n<p>&nbsp;<\/p>\n<p>&nbsp;<\/p>\n","protected":false},"excerpt":{"rendered":"<p>Transformer son ISF en projets solidaires Les dons \u00e0 la Fondation Rainbow Bridge, fondation sous-\u00e9gide de la f [&hellip;]<\/p>\n","protected":false},"author":1,"featured_media":1412,"parent":0,"menu_order":0,"comment_status":"closed","ping_status":"closed","template":"","meta":{"ngg_post_thumbnail":0,"footnotes":""},"yoast_head":"<!-- This site is optimized with the Yoast SEO plugin v16.3 - https:\/\/yoast.com\/wordpress\/plugins\/seo\/ -->\n<title>Dons ISF et actions solidaires - La Fondation Rainbow Bridge<\/title>\n<meta name=\"robots\" content=\"index, follow, max-snippet:-1, max-image-preview:large, max-video-preview:-1\" \/>\n<link rel=\"canonical\" href=\"https:\/\/www.fondationrainbowbridge.org\/en\/dons-isf-et-actions-solidaires\/\" \/>\n<meta property=\"og:locale\" content=\"ja_JP\" \/>\n<meta property=\"og:type\" content=\"article\" \/>\n<meta property=\"og:title\" content=\"Dons ISF et actions solidaires - La Fondation Rainbow Bridge\" \/>\n<meta property=\"og:description\" content=\"Transformer son ISF en projets solidaires Les dons \u00e0 la Fondation Rainbow Bridge, fondation sous-\u00e9gide de la f [&hellip;]\" \/>\n<meta property=\"og:url\" content=\"https:\/\/www.fondationrainbowbridge.org\/en\/dons-isf-et-actions-solidaires\/\" \/>\n<meta property=\"og:site_name\" content=\"La Fondation Rainbow Bridge\" \/>\n<meta property=\"article:modified_time\" content=\"2019-05-20T08:26:28+00:00\" \/>\n<meta property=\"og:image\" content=\"https:\/\/www.fondationrainbowbridge.org\/wp-content\/uploads\/2012\/12\/frb-images-isf-solidarite.jpg\" \/>\n\t<meta property=\"og:image:width\" content=\"699\" \/>\n\t<meta property=\"og:image:height\" content=\"467\" \/>\n<meta name=\"twitter:card\" content=\"summary\" \/>\n<meta name=\"twitter:label1\" content=\"\u63a8\u5b9a\u8aad\u66f8\u6642\u9593\">\n\t<meta name=\"twitter:data1\" content=\"2\u5206\">\n<script type=\"application\/ld+json\" class=\"yoast-schema-graph\">{\"@context\":\"https:\/\/schema.org\",\"@graph\":[{\"@type\":\"WebSite\",\"@id\":\"http:\/\/www.fondationrainbowbridge.org\/#website\",\"url\":\"http:\/\/www.fondationrainbowbridge.org\/\",\"name\":\"La Fondation Rainbow Bridge\",\"description\":\"\",\"potentialAction\":[{\"@type\":\"SearchAction\",\"target\":\"http:\/\/www.fondationrainbowbridge.org\/?s={search_term_string}\",\"query-input\":\"required name=search_term_string\"}],\"inLanguage\":\"ja\"},{\"@type\":\"ImageObject\",\"@id\":\"https:\/\/www.fondationrainbowbridge.org\/en\/dons-isf-et-actions-solidaires\/#primaryimage\",\"inLanguage\":\"ja\",\"url\":\"\",\"contentUrl\":\"\"},{\"@type\":\"WebPage\",\"@id\":\"https:\/\/www.fondationrainbowbridge.org\/en\/dons-isf-et-actions-solidaires\/#webpage\",\"url\":\"https:\/\/www.fondationrainbowbridge.org\/en\/dons-isf-et-actions-solidaires\/\",\"name\":\"Dons ISF et actions solidaires - La Fondation Rainbow Bridge\",\"isPartOf\":{\"@id\":\"http:\/\/www.fondationrainbowbridge.org\/#website\"},\"primaryImageOfPage\":{\"@id\":\"https:\/\/www.fondationrainbowbridge.org\/en\/dons-isf-et-actions-solidaires\/#primaryimage\"},\"datePublished\":\"2012-12-04T08:16:52+00:00\",\"dateModified\":\"2019-05-20T08:26:28+00:00\",\"breadcrumb\":{\"@id\":\"https:\/\/www.fondationrainbowbridge.org\/en\/dons-isf-et-actions-solidaires\/#breadcrumb\"},\"inLanguage\":\"ja\",\"potentialAction\":[{\"@type\":\"ReadAction\",\"target\":[\"https:\/\/www.fondationrainbowbridge.org\/en\/dons-isf-et-actions-solidaires\/\"]}]},{\"@type\":\"BreadcrumbList\",\"@id\":\"https:\/\/www.fondationrainbowbridge.org\/en\/dons-isf-et-actions-solidaires\/#breadcrumb\",\"itemListElement\":[{\"@type\":\"ListItem\",\"position\":1,\"item\":{\"@type\":\"WebPage\",\"@id\":\"http:\/\/www.fondationrainbowbridge.org\/\",\"url\":\"http:\/\/www.fondationrainbowbridge.org\/\",\"name\":\"Accueil\"}},{\"@type\":\"ListItem\",\"position\":2,\"item\":{\"@id\":\"https:\/\/www.fondationrainbowbridge.org\/en\/dons-isf-et-actions-solidaires\/#webpage\"}}]}]}<\/script>\n<!-- \/ Yoast SEO plugin. -->","_links":{"self":[{"href":"https:\/\/www.fondationrainbowbridge.org\/ja\/wp-json\/wp\/v2\/pages\/1414"}],"collection":[{"href":"https:\/\/www.fondationrainbowbridge.org\/ja\/wp-json\/wp\/v2\/pages"}],"about":[{"href":"https:\/\/www.fondationrainbowbridge.org\/ja\/wp-json\/wp\/v2\/types\/page"}],"author":[{"embeddable":true,"href":"https:\/\/www.fondationrainbowbridge.org\/ja\/wp-json\/wp\/v2\/users\/1"}],"replies":[{"embeddable":true,"href":"https:\/\/www.fondationrainbowbridge.org\/ja\/wp-json\/wp\/v2\/comments?post=1414"}],"version-history":[{"count":4,"href":"https:\/\/www.fondationrainbowbridge.org\/ja\/wp-json\/wp\/v2\/pages\/1414\/revisions"}],"predecessor-version":[{"id":1786,"href":"https:\/\/www.fondationrainbowbridge.org\/ja\/wp-json\/wp\/v2\/pages\/1414\/revisions\/1786"}],"wp:featuredmedia":[{"embeddable":true,"href":"https:\/\/www.fondationrainbowbridge.org\/ja\/wp-json\/wp\/v2\/media\/1412"}],"wp:attachment":[{"href":"https:\/\/www.fondationrainbowbridge.org\/ja\/wp-json\/wp\/v2\/media?parent=1414"}],"curies":[{"name":"wp","href":"https:\/\/api.w.org\/{rel}","templated":true}]}}