{"id":31,"date":"2016-03-16T09:55:59","date_gmt":"2016-03-16T08:55:59","guid":{"rendered":"http:\/\/www.fondation-lire-et-comprendre.org\/?page_id=31"},"modified":"2023-08-23T13:14:38","modified_gmt":"2023-08-23T12:14:38","slug":"contact","status":"publish","type":"page","link":"https:\/\/www.fondationrainbowbridge.org\/en\/contact\/","title":{"rendered":"Contact"},"content":{"rendered":"<p>T\u00e9l. : +33 (0)1 44 21 31 14<br \/>\nE-mail : <a href=\"mailto:contact@xxxxxxxxxxx.org\">contact@xxxxxxxxxxx.org<\/a><\/p>\n<p>Si\u00e8ge social<br \/>\nFondation Rainbow Bridge<br \/>\nSous l&#8217;\u00e9gide de la Fondation de France<br \/>\n40, avenue Hoche<br \/>\n75008 PARIS<\/p>\n","protected":false},"excerpt":{"rendered":"<p>T\u00e9l. : +33 (0)1 44 21 31 14 E-mail : contact@xxxxxxxxxxx.org Si\u00e8ge social Fondation Rainbow Bridge Sous l&#8217;\u00e9gide de la Fondation de France 40, avenue Hoche 75008 PARIS<\/p>\n","protected":false},"author":1,"featured_media":0,"parent":0,"menu_order":0,"comment_status":"closed","ping_status":"closed","template":"","meta":{"ngg_post_thumbnail":0,"footnotes":""},"yoast_head":"<!-- This site is optimized with the Yoast SEO plugin v16.3 - https:\/\/yoast.com\/wordpress\/plugins\/seo\/ -->\n<title>Contact - La Fondation Rainbow Bridge<\/title>\n<meta name=\"robots\" content=\"index, follow, max-snippet:-1, max-image-preview:large, max-video-preview:-1\" \/>\n<link rel=\"canonical\" href=\"https:\/\/www.fondationrainbowbridge.org\/contact\/\" \/>\n<meta property=\"og:locale\" content=\"en_US\" \/>\n<meta property=\"og:type\" content=\"article\" \/>\n<meta property=\"og:title\" content=\"Contact - La Fondation Rainbow Bridge\" \/>\n<meta property=\"og:description\" content=\"T\u00e9l. : +33 (0)1 44 21 31 14 E-mail : contact@xxxxxxxxxxx.org Si\u00e8ge social Fondation Rainbow Bridge Sous l&#8217;\u00e9gide de la Fondation de France 40, avenue Hoche 75008 PARIS\" \/>\n<meta property=\"og:url\" content=\"https:\/\/www.fondationrainbowbridge.org\/contact\/\" \/>\n<meta property=\"og:site_name\" content=\"La Fondation Rainbow Bridge\" \/>\n<meta property=\"article:modified_time\" content=\"2023-08-23T12:14:38+00:00\" \/>\n<meta name=\"twitter:card\" content=\"summary\" \/>\n<script type=\"application\/ld+json\" class=\"yoast-schema-graph\">{\"@context\":\"https:\/\/schema.org\",\"@graph\":[{\"@type\":\"WebSite\",\"@id\":\"http:\/\/www.fondationrainbowbridge.org\/#website\",\"url\":\"http:\/\/www.fondationrainbowbridge.org\/\",\"name\":\"La Fondation Rainbow Bridge\",\"description\":\"\",\"potentialAction\":[{\"@type\":\"SearchAction\",\"target\":\"http:\/\/www.fondationrainbowbridge.org\/?s={search_term_string}\",\"query-input\":\"required name=search_term_string\"}],\"inLanguage\":\"en-US\"},{\"@type\":\"WebPage\",\"@id\":\"https:\/\/www.fondationrainbowbridge.org\/contact\/#webpage\",\"url\":\"https:\/\/www.fondationrainbowbridge.org\/contact\/\",\"name\":\"Contact - La Fondation Rainbow Bridge\",\"isPartOf\":{\"@id\":\"http:\/\/www.fondationrainbowbridge.org\/#website\"},\"datePublished\":\"2016-03-16T08:55:59+00:00\",\"dateModified\":\"2023-08-23T12:14:38+00:00\",\"breadcrumb\":{\"@id\":\"https:\/\/www.fondationrainbowbridge.org\/contact\/#breadcrumb\"},\"inLanguage\":\"en-US\",\"potentialAction\":[{\"@type\":\"ReadAction\",\"target\":[\"https:\/\/www.fondationrainbowbridge.org\/contact\/\"]}]},{\"@type\":\"BreadcrumbList\",\"@id\":\"https:\/\/www.fondationrainbowbridge.org\/contact\/#breadcrumb\",\"itemListElement\":[{\"@type\":\"ListItem\",\"position\":1,\"item\":{\"@type\":\"WebPage\",\"@id\":\"http:\/\/www.fondationrainbowbridge.org\/\",\"url\":\"http:\/\/www.fondationrainbowbridge.org\/\",\"name\":\"Accueil\"}},{\"@type\":\"ListItem\",\"position\":2,\"item\":{\"@id\":\"https:\/\/www.fondationrainbowbridge.org\/contact\/#webpage\"}}]}]}<\/script>\n<!-- \/ Yoast SEO plugin. -->","_links":{"self":[{"href":"https:\/\/www.fondationrainbowbridge.org\/en\/wp-json\/wp\/v2\/pages\/31"}],"collection":[{"href":"https:\/\/www.fondationrainbowbridge.org\/en\/wp-json\/wp\/v2\/pages"}],"about":[{"href":"https:\/\/www.fondationrainbowbridge.org\/en\/wp-json\/wp\/v2\/types\/page"}],"author":[{"embeddable":true,"href":"https:\/\/www.fondationrainbowbridge.org\/en\/wp-json\/wp\/v2\/users\/1"}],"replies":[{"embeddable":true,"href":"https:\/\/www.fondationrainbowbridge.org\/en\/wp-json\/wp\/v2\/comments?post=31"}],"version-history":[{"count":11,"href":"https:\/\/www.fondationrainbowbridge.org\/en\/wp-json\/wp\/v2\/pages\/31\/revisions"}],"predecessor-version":[{"id":1813,"href":"https:\/\/www.fondationrainbowbridge.org\/en\/wp-json\/wp\/v2\/pages\/31\/revisions\/1813"}],"wp:attachment":[{"href":"https:\/\/www.fondationrainbowbridge.org\/en\/wp-json\/wp\/v2\/media?parent=31"}],"curies":[{"name":"wp","href":"https:\/\/api.w.org\/{rel}","templated":true}]}}